{"id":2421,"date":"2024-09-18T09:42:39","date_gmt":"2024-09-17T20:42:39","guid":{"rendered":"https:\/\/tongawpback.julio.works\/potungaue-tamate-afi-mo-e-ngaahi-ngaue-fakavavevave\/"},"modified":"2025-05-26T10:21:28","modified_gmt":"2025-05-26T10:21:28","slug":"potungaue-tamate-afi-mo-e-ngaahi-ngaue-fakavavevave","status":"publish","type":"page","link":"https:\/\/www.gov.to\/to\/potungaue-tamate-afi-mo-e-ngaahi-ngaue-fakavavevave\/","title":{"rendered":"Potungaue Tamate Af\u00ed mo e Ngaahi Ng\u0101ue Fakavavevav\u00e9"},"content":{"rendered":"","protected":false},"excerpt":{"rendered":"","protected":false},"author":1,"featured_media":0,"parent":0,"menu_order":0,"comment_status":"closed","ping_status":"closed","template":"","meta":{"_uf_show_specific_survey":0,"_uf_disable_surveys":false,"footnotes":""},"class_list":["post-2421","page","type-page","status-publish","hentry"],"_links":{"self":[{"href":"https:\/\/www.gov.to\/to\/wp-json\/wp\/v2\/pages\/2421","targetHints":{"allow":["GET"]}}],"collection":[{"href":"https:\/\/www.gov.to\/to\/wp-json\/wp\/v2\/pages"}],"about":[{"href":"https:\/\/www.gov.to\/to\/wp-json\/wp\/v2\/types\/page"}],"author":[{"embeddable":true,"href":"https:\/\/www.gov.to\/to\/wp-json\/wp\/v2\/users\/1"}],"replies":[{"embeddable":true,"href":"https:\/\/www.gov.to\/to\/wp-json\/wp\/v2\/comments?post=2421"}],"version-history":[{"count":4,"href":"https:\/\/www.gov.to\/to\/wp-json\/wp\/v2\/pages\/2421\/revisions"}],"predecessor-version":[{"id":2618,"href":"https:\/\/www.gov.to\/to\/wp-json\/wp\/v2\/pages\/2421\/revisions\/2618"}],"wp:attachment":[{"href":"https:\/\/www.gov.to\/to\/wp-json\/wp\/v2\/media?parent=2421"}],"curies":[{"name":"wp","href":"https:\/\/api.w.org\/{rel}","templated":true}]}}